{"id":1138,"date":"2018-09-28T02:44:17","date_gmt":"2018-09-28T00:44:17","guid":{"rendered":"https:\/\/www.sodispo.pf\/accueil\/"},"modified":"2025-06-19T02:33:00","modified_gmt":"2025-06-19T00:33:00","slug":"accueil","status":"publish","type":"page","link":"https:\/\/www.sodispo.pf\/en\/","title":{"rendered":"Import and distribution in French Polynesia"},"content":{"rendered":"<\/p>\n<!--themify_builder_content-->\n<div id=\"themify_builder_content-1138\" data-postid=\"1138\" class=\"themify_builder_content themify_builder_content-1138 themify_builder tf_clear\">\n                    <div  data-css_id=\"k7zb688\" id=\"hero-section-2-2-2\" data-lazy=\"1\" class=\"module_row themify_builder_row fullwidth tb_k7zb688 tb_first tf_w hide-mobile wow\" data-tf-animation=\"fadeIn\">\n                        <div class=\"row_inner col_align_bottom gutter-none tb_col_count_3 tf_box tf_rel\">\n                        <div  data-lazy=\"1\" class=\"module_column tb-column col3-1 tb_5ftk688 first\">\n                            <\/div>\n                    <div  data-lazy=\"1\" class=\"module_column tb-column col3-1 tb_mxvj688\">\n                    <!-- module text -->\n<div  class=\"module module-text tb_3syn945   \" data-lazy=\"1\">\n        <div  class=\"tb_text_wrap\">\n        <h1>Import &amp; distribution<\/h1>\n<p>in French Polynesia<\/p>    <\/div>\n<\/div>\n<!-- \/module text -->        <\/div>\n                    <div  data-lazy=\"1\" class=\"module_column tb-column col3-1 tb_33yp688 last\">\n                            <\/div>\n                        <\/div>\n        <\/div>\n                        <div  data-css_id=\"unis306\" id=\"hero-section-2-2-2-3\" data-lazy=\"1\" class=\"module_row themify_builder_row fullwidth tb_unis306 tf_w hide-desktop hide-tablet hide-tablet_landscape wow\" data-tf-animation=\"fadeIn\">\n                        <div class=\"row_inner col_align_middle gutter-none tb_col_count_3 tf_box tf_rel\">\n                        <div  data-lazy=\"1\" class=\"module_column tb-column col3-1 tb_tmf7306 first\">\n                            <\/div>\n                    <div  data-lazy=\"1\" class=\"module_column tb-column col3-1 tb_lmyz306\">\n                    <!-- module text -->\n<div  class=\"module module-text tb_unkz306   \" data-lazy=\"1\">\n        <div  class=\"tb_text_wrap\">\n        <h1>Import &amp; distribution<\/h1>\n<p>in French Polynesia<\/p>    <\/div>\n<\/div>\n<!-- \/module text -->        <\/div>\n                    <div  data-lazy=\"1\" class=\"module_column tb-column col3-1 tb_78lh306 last\">\n                            <\/div>\n                        <\/div>\n        <\/div>\n                        <div  data-desktop-padding=\"5%,5%\" data-css_id=\"l3ht198\" data-lazy=\"1\" class=\"module_row themify_builder_row fullwidth_row_container tb_l3ht198 tf_w\">\n                        <div class=\"row_inner col_align_top tb_col_count_2 tf_box tf_rel\">\n                        <div  data-lazy=\"1\" class=\"module_column tb-column col4-2 tb_6t3o217 first\">\n                    <!-- module image -->\n<div  class=\"module module-image tb_o80l348 image-center   tf_mw\" data-lazy=\"1\">\n        <div class=\"image-wrap tf_rel tf_mw\">\n            <img decoding=\"async\" src=\"https:\/\/www.sodispo.pf\/wp-content\/uploads\/2024\/08\/logo-square-2024.svg\" class=\"wp-post-image wp-image-1818\" title=\"logo-square-2024\" alt=\"logo-square-2024\">    \n        <\/div>\n    <!-- \/image-wrap -->\n    \n        <\/div>\n<!-- \/module image -->        <\/div>\n                    <div  data-lazy=\"1\" class=\"module_column tb-column col4-2 tb_062w201 last\">\n                    <!-- module text -->\n<div  class=\"module module-text tb_a486a43   \" data-lazy=\"1\">\n        <div  class=\"tb_text_wrap\">\n        <p>Located in Papeete in the Fare Ute business park, Sodispo imports and distributes prestigious international brands of champagnes, wines, spirits, beers, juices, mineral waters and soft drinks in French Polynesia.<\/p>\n<p>Sodispo has also developed a division dedicated to everyday consumer products in the packaging, maintenance and hygiene market segments.<\/p>\n<p>For over 25 years, Sodispo has become a key company in French Polynesia.<\/p>    <\/div>\n<\/div>\n<!-- \/module text --><!-- module buttons -->\n<div  class=\"module module-buttons tb_298f86d buttons-horizontal transparent zoom  squared\" data-lazy=\"1\">\n        <div class=\"module-buttons-item tf_in_flx\">\n                        <a href=\"https:\/\/www.sodispo.pf\/en\/lentreprise\/\" class=\"ui builder_button tf_in_flx transparent\" >\n                                                LEARN MORE                                        <\/a>\n                <\/div>\n            <\/div>\n<!-- \/module buttons -->\n        <\/div>\n                        <\/div>\n        <\/div>\n                        <div  data-css_id=\"9qkp558\" data-lazy=\"1\" class=\"module_row themify_builder_row fullwidth_row_container tb_9qkp558 tf_w\">\n                        <div class=\"row_inner col_align_top tb_col_count_1 tf_box tf_rel\">\n                        <div  data-lazy=\"1\" class=\"module_column tb-column col-full tb_ztiw558 first\">\n                    <!-- module text -->\n<div  class=\"module module-text tb_g7w6558   \" data-lazy=\"1\">\n        <div  class=\"tb_text_wrap\">\n        <h2 style=\"text-align: center;\">30 years of performance<\/h2>\n<p>This year, SODISPO celebrates 30 years of expertise, passion and innovation in importing wines and spirits to French Polynesia.<\/p>\n<p>To mark our 30th anniversary, we are proud to unveil our new logo, a symbol of renewal and modernity. <br>Inspired by our territory, it reflects our deep attachment to Polynesia, our history and our determination to rise to every challenge together. <br>This logo, with its abstract evocation of the island of Tahiti, our Fenua, our Mother Earth, bears witness, like a tattoo, to our roots and our connection to Polynesian culture.<\/p>    <\/div>\n<\/div>\n<!-- \/module text -->        <\/div>\n                        <\/div>\n        <\/div>\n                        <div  data-css_id=\"cjc0167\" data-lazy=\"1\" class=\"module_row themify_builder_row fullwidth tb_cjc0167 tf_w\">\n                        <div class=\"row_inner col_align_top tb_col_count_1 tf_box tf_rel\">\n                        <div  data-lazy=\"1\" class=\"module_column tb-column col-full tb_a45g167 first\">\n                    <div  class=\"module themify_builder_slider_wrap tf_clearfix module-slider tb_9upq167 sodispo-slider slider-default themify_builder_slider_vertical \" data-lazy=\"1\">\n        <div class=\"themify_builder_slider tf_carousel tf_swiper-container tf_rel tf_overflow\" data-lazy=\"1\"        data-visible=\"1\"\n        data-tab-visible=\"1\"\n        data-mob-visible=\"1\"\n        data-scroll=\"1\"\n                    data-nav_out=\"1\"\n                            data-auto=\"8000\"\n            data-controller=\"0\"\n            data-pause_hover=\"1\"\n                data-speed=\"1\"\n        data-wrapvar=\"1\"\n        data-slider_nav=\"1\"\n        data-pager=\"0\"\n        data-effect=\"scroll\" \n        data-height=\"variable\"\n        data-css_url=\"https:\/\/www.sodispo.pf\/wp-content\/themes\/themify-ultra\/themify\/themify-builder\/css\/modules\/sliders\/carousel,https:\/\/www.sodispo.pf\/wp-content\/themes\/themify-ultra\/themify\/themify-builder\/css\/modules\/sliders\/slider\"\n            >\n        <div class=\"tf_swiper-wrapper tf_lazy tf_rel tf_w tf_h tf_textc\">\n                 <div class=\"tf_swiper-slide\">            <div class=\"slide-inner-wrap\" style=\"margin-left:10px;margin-right:10px;\">\n                <div class=\"slide-content tb_text_wrap\">\n                    <h2 style=\"text-align: center;\">Wine and champagnes<\/h2>\n<p style=\"text-align: center;\">The selection of wines and champagnes are sourced from international groups, traders or estate owners. Priority is given to the quality of products.<\/p>                <\/div>\n            <\/div>\n        <\/div>             <div class=\"tf_swiper-slide\" style=\"content-visibility:hidden\">            <div class=\"slide-inner-wrap\" style=\"margin-left:10px;margin-right:10px;\">\n                <div class=\"slide-content tb_text_wrap\">\n                    <h2 style=\"text-align: center;\">BEERS<\/h2>\n<p style=\"text-align: center;\">AB.Inbev, the world&#8217;s leading brewery, ranks Sodispo as the N\u00b01 in the premium beer market.<\/p>                <\/div>\n            <\/div>\n        <\/div>             <div class=\"tf_swiper-slide\" style=\"content-visibility:hidden\">            <div class=\"slide-inner-wrap\" style=\"margin-left:10px;margin-right:10px;\">\n                <div class=\"slide-content tb_text_wrap\">\n                    <h2 style=\"text-align: center;\">SPIRITS<\/h2>\n<p style=\"text-align: center;\">We have exclusive distribution deals for global brands.<\/p>                <\/div>\n            <\/div>\n        <\/div>             <div class=\"tf_swiper-slide\" style=\"content-visibility:hidden\">            <div class=\"slide-inner-wrap\" style=\"margin-left:10px;margin-right:10px;\">\n                <div class=\"slide-content tb_text_wrap\">\n                    <h2 style=\"text-align: center;\">Juices, mineral waters and<br>non-alcoholic beverages<\/h2>\n<p style=\"text-align: center;\">We offer a wide assortment of soft drinks such as R\u00e9a, Granini, Joker, San Pellegrino, Dr Pepper, Pepsi, Finest Call \u2026<\/p>                <\/div>\n            <\/div>\n        <\/div>            <\/div>\n    <\/div>\n<\/div>\n<!-- module buttons -->\n<div  class=\"module module-buttons tb_5weq167 buttons-horizontal transparent zoom  squared\" data-lazy=\"1\">\n        <div class=\"module-buttons-item tf_in_flx\">\n                        <a href=\"\/en\/nos-marques\/\" class=\"ui builder_button tf_in_flx transparent\" >\n                                                Discover our brands                                        <\/a>\n                <\/div>\n            <\/div>\n<!-- \/module buttons -->\n        <\/div>\n                        <\/div>\n        <\/div>\n                        <div  data-css_id=\"lo6a253\" id=\"hero-section-2-2-2-2\" data-lazy=\"1\" class=\"module_row themify_builder_row fullwidth tb_lo6a253 tf_w wow\" data-tf-animation=\"fadeIn\">\n                        <div class=\"row_inner col_align_bottom gutter-none tb_col_count_3 tf_box tf_rel\">\n                        <div  data-lazy=\"1\" class=\"module_column tb-column col3-1 tb_oqmf253 first\">\n                            <\/div>\n                    <div  data-lazy=\"1\" class=\"module_column tb-column col3-1 tb_yxxi253\">\n                            <\/div>\n                    <div  data-lazy=\"1\" class=\"module_column tb-column col3-1 tb_vvs7253 last\">\n                            <\/div>\n                        <\/div>\n        <\/div>\n                        <div  data-css_id=\"94ffcb1\" data-lazy=\"1\" class=\"module_row themify_builder_row fullwidth tb_94ffcb1 tf_w\">\n                        <div class=\"row_inner col_align_middle gutter-none tb_col_count_3 tf_box tf_rel\">\n                        <div  data-lazy=\"1\" class=\"module_column tb-column col3-1 tb_b944cac first\">\n                            <\/div>\n                    <div  data-lazy=\"1\" class=\"module_column tb-column col3-1 tb_d9ca1ee\">\n                            <div  data-lazy=\"1\" class=\"module_subrow themify_builder_sub_row tf_w col_align_top tb_col_count_1 tb_hfjv226\">\n                <div  data-lazy=\"1\" class=\"module_column sub_column col-full tb_vtyr226 first\">\n                    <!-- module text -->\n<div  class=\"module module-text tb_73a8b48   \" data-lazy=\"1\">\n        <div  class=\"tb_text_wrap\">\n        <h2 style=\"text-align: center;\">Who we are<\/h2>\n<p>SODISPO imports and distributes a portfolio of brands to a professional clientele, and offers its collection of wines and spirits for direct sale through its \u201cMAISON DI-VINE\u201d wine cellar and online boutique.<\/p>    <\/div>\n<\/div>\n<!-- \/module text --><!-- module buttons -->\n<div  class=\"module module-buttons tb_wpzs14 buttons-horizontal transparent zoom  squared\" data-lazy=\"1\">\n        <div class=\"module-buttons-item tf_in_flx\">\n                        <a href=\"https:\/\/www.sodispo.pf\/en\/lentreprise\/#tab-tb_r0zz69-1\" class=\"ui builder_button tf_in_flx transparent\" >\n                                                Our commitments                                        <\/a>\n                <\/div>\n            <\/div>\n<!-- \/module buttons -->\n        <\/div>\n                    <\/div>\n                <\/div>\n                    <div  data-lazy=\"1\" class=\"module_column tb-column col3-1 tb_b82bc22 last\">\n                            <\/div>\n                        <\/div>\n        <\/div>\n        <\/div>\n<!--\/themify_builder_content-->","protected":false},"excerpt":{"rendered":"","protected":false},"author":1,"featured_media":1140,"parent":0,"menu_order":0,"comment_status":"closed","ping_status":"closed","template":"","meta":{"footnotes":""},"class_list":["post-1138","page","type-page","status-publish","has-post-thumbnail","hentry","has-post-title","has-post-date","has-post-category","has-post-tag","has-post-comment","has-post-author",""],"yoast_head":"<!-- This site is optimized with the Yoast SEO plugin v27.4 - https:\/\/yoast.com\/product\/yoast-seo-wordpress\/ -->\n<title>Import and distribution in French Polynesia - SODISPO<\/title>\n<meta name=\"description\" content=\"Situ\u00e9e \u00e0 Papeete dans la zone d\u2019activit\u00e9s de Fare Ute Sodispo importe et distribue sur la Polyn\u00e9sie fran\u00e7aise de prestigieuses marques internationales de champagnes, vins, spiritueux, bi\u00e8res, jus, eaux min\u00e9rales et boissons non alcoolis\u00e9es.\" \/>\n<meta name=\"robots\" content=\"index, follow, max-snippet:-1, max-image-preview:large, max-video-preview:-1\" \/>\n<link rel=\"canonical\" href=\"https:\/\/www.sodispo.pf\/en\/\" \/>\n<meta property=\"og:locale\" content=\"en_US\" \/>\n<meta property=\"og:type\" content=\"article\" \/>\n<meta property=\"og:title\" content=\"Import and distribution in French Polynesia - SODISPO\" \/>\n<meta property=\"og:description\" content=\"Situ\u00e9e \u00e0 Papeete dans la zone d\u2019activit\u00e9s de Fare Ute Sodispo importe et distribue sur la Polyn\u00e9sie fran\u00e7aise de prestigieuses marques internationales de champagnes, vins, spiritueux, bi\u00e8res, jus, eaux min\u00e9rales et boissons non alcoolis\u00e9es.\" \/>\n<meta property=\"og:url\" content=\"https:\/\/www.sodispo.pf\/en\/\" \/>\n<meta property=\"og:site_name\" content=\"SODISPO\" \/>\n<meta property=\"article:modified_time\" content=\"2025-06-19T00:33:00+00:00\" \/>\n<meta property=\"og:image\" content=\"https:\/\/www.sodispo.pf\/wp-content\/uploads\/2019\/04\/entrepot-header.jpg\" \/>\n\t<meta property=\"og:image:width\" content=\"2000\" \/>\n\t<meta property=\"og:image:height\" content=\"603\" \/>\n\t<meta property=\"og:image:type\" content=\"image\/jpeg\" \/>\n<meta name=\"twitter:card\" content=\"summary_large_image\" \/>\n<meta name=\"twitter:label1\" content=\"Est. reading time\" \/>\n\t<meta name=\"twitter:data1\" content=\"3 minutes\" \/>\n<script type=\"application\/ld+json\" class=\"yoast-schema-graph\">{\"@context\":\"https:\\\/\\\/schema.org\",\"@graph\":[{\"@type\":\"WebPage\",\"@id\":\"https:\\\/\\\/www.sodispo.pf\\\/en\\\/\",\"url\":\"https:\\\/\\\/www.sodispo.pf\\\/en\\\/\",\"name\":\"Import and distribution in French Polynesia - SODISPO\",\"isPartOf\":{\"@id\":\"https:\\\/\\\/www.sodispo.pf\\\/#website\"},\"primaryImageOfPage\":{\"@id\":\"https:\\\/\\\/www.sodispo.pf\\\/en\\\/#primaryimage\"},\"image\":{\"@id\":\"https:\\\/\\\/www.sodispo.pf\\\/en\\\/#primaryimage\"},\"thumbnailUrl\":\"https:\\\/\\\/www.sodispo.pf\\\/wp-content\\\/uploads\\\/2019\\\/04\\\/entrepot-header.jpg\",\"datePublished\":\"2018-09-28T00:44:17+00:00\",\"dateModified\":\"2025-06-19T00:33:00+00:00\",\"description\":\"Situ\u00e9e \u00e0 Papeete dans la zone d\u2019activit\u00e9s de Fare Ute Sodispo importe et distribue sur la Polyn\u00e9sie fran\u00e7aise de prestigieuses marques internationales de champagnes, vins, spiritueux, bi\u00e8res, jus, eaux min\u00e9rales et boissons non alcoolis\u00e9es.\",\"breadcrumb\":{\"@id\":\"https:\\\/\\\/www.sodispo.pf\\\/en\\\/#breadcrumb\"},\"inLanguage\":\"en-US\",\"potentialAction\":[{\"@type\":\"ReadAction\",\"target\":[\"https:\\\/\\\/www.sodispo.pf\\\/en\\\/\"]}]},{\"@type\":\"ImageObject\",\"inLanguage\":\"en-US\",\"@id\":\"https:\\\/\\\/www.sodispo.pf\\\/en\\\/#primaryimage\",\"url\":\"https:\\\/\\\/www.sodispo.pf\\\/wp-content\\\/uploads\\\/2019\\\/04\\\/entrepot-header.jpg\",\"contentUrl\":\"https:\\\/\\\/www.sodispo.pf\\\/wp-content\\\/uploads\\\/2019\\\/04\\\/entrepot-header.jpg\",\"width\":2000,\"height\":603},{\"@type\":\"BreadcrumbList\",\"@id\":\"https:\\\/\\\/www.sodispo.pf\\\/en\\\/#breadcrumb\",\"itemListElement\":[{\"@type\":\"ListItem\",\"position\":1,\"name\":\"Accueil\",\"item\":\"https:\\\/\\\/www.sodispo.pf\\\/en\\\/\"},{\"@type\":\"ListItem\",\"position\":2,\"name\":\"Import and distribution in French Polynesia\"}]},{\"@type\":\"WebSite\",\"@id\":\"https:\\\/\\\/www.sodispo.pf\\\/#website\",\"url\":\"https:\\\/\\\/www.sodispo.pf\\\/\",\"name\":\"SODISPO\",\"description\":\"Vins et spiritueux\",\"potentialAction\":[{\"@type\":\"SearchAction\",\"target\":{\"@type\":\"EntryPoint\",\"urlTemplate\":\"https:\\\/\\\/www.sodispo.pf\\\/?s={search_term_string}\"},\"query-input\":{\"@type\":\"PropertyValueSpecification\",\"valueRequired\":true,\"valueName\":\"search_term_string\"}}],\"inLanguage\":\"en-US\"}]}<\/script>\n<!-- \/ Yoast SEO plugin. -->","yoast_head_json":{"title":"Import and distribution in French Polynesia - SODISPO","description":"Situ\u00e9e \u00e0 Papeete dans la zone d\u2019activit\u00e9s de Fare Ute Sodispo importe et distribue sur la Polyn\u00e9sie fran\u00e7aise de prestigieuses marques internationales de champagnes, vins, spiritueux, bi\u00e8res, jus, eaux min\u00e9rales et boissons non alcoolis\u00e9es.","robots":{"index":"index","follow":"follow","max-snippet":"max-snippet:-1","max-image-preview":"max-image-preview:large","max-video-preview":"max-video-preview:-1"},"canonical":"https:\/\/www.sodispo.pf\/en\/","og_locale":"en_US","og_type":"article","og_title":"Import and distribution in French Polynesia - SODISPO","og_description":"Situ\u00e9e \u00e0 Papeete dans la zone d\u2019activit\u00e9s de Fare Ute Sodispo importe et distribue sur la Polyn\u00e9sie fran\u00e7aise de prestigieuses marques internationales de champagnes, vins, spiritueux, bi\u00e8res, jus, eaux min\u00e9rales et boissons non alcoolis\u00e9es.","og_url":"https:\/\/www.sodispo.pf\/en\/","og_site_name":"SODISPO","article_modified_time":"2025-06-19T00:33:00+00:00","og_image":[{"width":2000,"height":603,"url":"https:\/\/www.sodispo.pf\/wp-content\/uploads\/2019\/04\/entrepot-header.jpg","type":"image\/jpeg"}],"twitter_card":"summary_large_image","twitter_misc":{"Est. reading time":"3 minutes"},"schema":{"@context":"https:\/\/schema.org","@graph":[{"@type":"WebPage","@id":"https:\/\/www.sodispo.pf\/en\/","url":"https:\/\/www.sodispo.pf\/en\/","name":"Import and distribution in French Polynesia - SODISPO","isPartOf":{"@id":"https:\/\/www.sodispo.pf\/#website"},"primaryImageOfPage":{"@id":"https:\/\/www.sodispo.pf\/en\/#primaryimage"},"image":{"@id":"https:\/\/www.sodispo.pf\/en\/#primaryimage"},"thumbnailUrl":"https:\/\/www.sodispo.pf\/wp-content\/uploads\/2019\/04\/entrepot-header.jpg","datePublished":"2018-09-28T00:44:17+00:00","dateModified":"2025-06-19T00:33:00+00:00","description":"Situ\u00e9e \u00e0 Papeete dans la zone d\u2019activit\u00e9s de Fare Ute Sodispo importe et distribue sur la Polyn\u00e9sie fran\u00e7aise de prestigieuses marques internationales de champagnes, vins, spiritueux, bi\u00e8res, jus, eaux min\u00e9rales et boissons non alcoolis\u00e9es.","breadcrumb":{"@id":"https:\/\/www.sodispo.pf\/en\/#breadcrumb"},"inLanguage":"en-US","potentialAction":[{"@type":"ReadAction","target":["https:\/\/www.sodispo.pf\/en\/"]}]},{"@type":"ImageObject","inLanguage":"en-US","@id":"https:\/\/www.sodispo.pf\/en\/#primaryimage","url":"https:\/\/www.sodispo.pf\/wp-content\/uploads\/2019\/04\/entrepot-header.jpg","contentUrl":"https:\/\/www.sodispo.pf\/wp-content\/uploads\/2019\/04\/entrepot-header.jpg","width":2000,"height":603},{"@type":"BreadcrumbList","@id":"https:\/\/www.sodispo.pf\/en\/#breadcrumb","itemListElement":[{"@type":"ListItem","position":1,"name":"Accueil","item":"https:\/\/www.sodispo.pf\/en\/"},{"@type":"ListItem","position":2,"name":"Import and distribution in French Polynesia"}]},{"@type":"WebSite","@id":"https:\/\/www.sodispo.pf\/#website","url":"https:\/\/www.sodispo.pf\/","name":"SODISPO","description":"Vins et spiritueux","potentialAction":[{"@type":"SearchAction","target":{"@type":"EntryPoint","urlTemplate":"https:\/\/www.sodispo.pf\/?s={search_term_string}"},"query-input":{"@type":"PropertyValueSpecification","valueRequired":true,"valueName":"search_term_string"}}],"inLanguage":"en-US"}]}},"builder_content":"<h1>Import &amp; distribution<\/h1> <p>in French Polynesia<\/p>\n<h1>Import &amp; distribution<\/h1> <p>in French Polynesia<\/p>\n<img src=\"https:\/\/www.sodispo.pf\/wp-content\/uploads\/2024\/08\/logo-square-2024.svg\" title=\"logo-square-2024\" alt=\"logo-square-2024\">\n<p>Located in Papeete in the Fare Ute business park, Sodispo imports and distributes prestigious international brands of champagnes, wines, spirits, beers, juices, mineral waters and soft drinks in French Polynesia.<\/p> <p>Sodispo has also developed a division dedicated to everyday consumer products in the packaging, maintenance and hygiene market segments.<\/p> <p>For over 25 years, Sodispo has become a key company in French Polynesia.<\/p>\n<a href=\"https:\/\/www.sodispo.pf\/en\/lentreprise\/\" > LEARN MORE <\/a>\n<h2 style=\"text-align: center;\">30 years of performance<\/h2> <p>This year, SODISPO celebrates 30 years of expertise, passion and innovation in importing wines and spirits to French Polynesia.<\/p> <p>To mark our 30th anniversary, we are proud to unveil our new logo, a symbol of renewal and modernity. <br>Inspired by our territory, it reflects our deep attachment to Polynesia, our history and our determination to rise to every challenge together. <br>This logo, with its abstract evocation of the island of Tahiti, our Fenua, our Mother Earth, bears witness, like a tattoo, to our roots and our connection to Polynesian culture.<\/p>\n<h2 style=\"text-align: center;\">Wine and champagnes<\/h2> <p style=\"text-align: center;\">The selection of wines and champagnes are sourced from international groups, traders or estate owners. Priority is given to the quality of products.<\/p> <h2 style=\"text-align: center;\">BEERS<\/h2> <p style=\"text-align: center;\">AB.Inbev, the world's leading brewery, ranks Sodispo as the N\u00b01 in the premium beer market.<\/p> <h2 style=\"text-align: center;\">SPIRITS<\/h2> <p style=\"text-align: center;\">We have exclusive distribution deals for global brands.<\/p> <h2 style=\"text-align: center;\">Juices, mineral waters and<br>non-alcoholic beverages<\/h2> <p style=\"text-align: center;\">We offer a wide assortment of soft drinks such as R\u00e9a, Granini, Joker, San Pellegrino, Dr Pepper, Pepsi, Finest Call \u2026<\/p>\n<a href=\"\/en\/nos-marques\/\" > Discover our brands <\/a>\n<h2 style=\"text-align: center;\">Who we are<\/h2> <p>SODISPO imports and distributes a portfolio of brands to a professional clientele, and offers its collection of wines and spirits for direct sale through its \u201cMAISON DI-VINE\u201d wine cellar and online boutique.<\/p>\n<a href=\"https:\/\/www.sodispo.pf\/en\/lentreprise\/#tab-tb_r0zz69-1\" > Our commitments <\/a>","_links":{"self":[{"href":"https:\/\/www.sodispo.pf\/en\/wp-json\/wp\/v2\/pages\/1138","targetHints":{"allow":["GET"]}}],"collection":[{"href":"https:\/\/www.sodispo.pf\/en\/wp-json\/wp\/v2\/pages"}],"about":[{"href":"https:\/\/www.sodispo.pf\/en\/wp-json\/wp\/v2\/types\/page"}],"author":[{"embeddable":true,"href":"https:\/\/www.sodispo.pf\/en\/wp-json\/wp\/v2\/users\/1"}],"replies":[{"embeddable":true,"href":"https:\/\/www.sodispo.pf\/en\/wp-json\/wp\/v2\/comments?post=1138"}],"version-history":[{"count":27,"href":"https:\/\/www.sodispo.pf\/en\/wp-json\/wp\/v2\/pages\/1138\/revisions"}],"predecessor-version":[{"id":2471,"href":"https:\/\/www.sodispo.pf\/en\/wp-json\/wp\/v2\/pages\/1138\/revisions\/2471"}],"wp:featuredmedia":[{"embeddable":true,"href":"https:\/\/www.sodispo.pf\/en\/wp-json\/wp\/v2\/media\/1140"}],"wp:attachment":[{"href":"https:\/\/www.sodispo.pf\/en\/wp-json\/wp\/v2\/media?parent=1138"}],"curies":[{"name":"wp","href":"https:\/\/api.w.org\/{rel}","templated":true}]}}