{"id":1155,"date":"2018-09-28T02:41:39","date_gmt":"2018-09-28T00:41:39","guid":{"rendered":"https:\/\/www.sodispo.pf\/contact\/"},"modified":"2025-06-12T21:24:14","modified_gmt":"2025-06-12T19:24:14","slug":"contact","status":"publish","type":"page","link":"https:\/\/www.sodispo.pf\/en\/contact\/","title":{"rendered":"Contact"},"content":{"rendered":"<!--themify_builder_content-->\n<div id=\"themify_builder_content-1155\" data-postid=\"1155\" class=\"themify_builder_content themify_builder_content-1155 themify_builder tf_clear\">\n                    <div  data-lazy=\"1\" class=\"module_row themify_builder_row tb_0f0f348 tb_first tf_w\">\n                        <div class=\"row_inner col_align_top tb_col_count_1 tf_box tf_rel\">\n                        <div  data-lazy=\"1\" class=\"module_column tb-column col-full tb_fa0d334 first\">\n                    <!-- module template_part -->\n<div  class=\"module module-layout-part tb_f0f19e0 \">\n    <div class=\"tb_layout_part_wrap tf_w\"><!--themify_builder_content-->\n    <div  class=\"themify_builder_content themify_builder_content-591 themify_builder not_editable_builder in_the_loop\" data-postid=\"591\">\n                        <div  data-css_id=\"d9b2e51\" data-lazy=\"1\" class=\"module_row themify_builder_row pavillondesvinstahitisite-bloc fullwidth_row_container tb_d9b2e51 tf_w\">\n                        <div class=\"row_inner gutter-none col_align_top tb_col_count_2 tf_box tf_rel\">\n                        <div  data-lazy=\"1\" class=\"module_column tb-column col3-2 tb_3375bd2 first\">\n                    <!-- module text -->\n<div  class=\"module module-text tb_a4197cb bold-text repeat \" data-lazy=\"1\">\n        <div  class=\"tb_text_wrap\">\n        <p>Achetez nos produits sur <a target=\\\"_blank\\\" href=\\\"http:\/\/pavillondesvins.pf\\\">pavillondesvins.pf<\/a><\/p>\n    <\/div>\n<\/div>\n<!-- \/module text -->        <\/div>\n                    <div  data-lazy=\"1\" class=\"module_column tb-column col3-1 tb_83c4a99 last\">\n                    <!-- module buttons -->\n<div  class=\"module module-buttons tb_ba6ac63 buttons-horizontal solid hoverblack squared\" data-lazy=\"1\">\n        <div class=\"module-buttons-item tf_in_flx\">\n                        <a href=\"http:\/\/pavillondesvins.pf\" class=\"ui builder_button tf_in_flx tb_default_color\" target=\"_blank\" rel=\"noopener\">\n                                                VISITER LA BOUTIQUE                                        <em><svg  class=\"tf_fa tf-ti-angle-right\" aria-hidden=\"true\"><use href=\"#tf-ti-angle-right\"><\/use><\/svg><\/em>                            <\/a>\n                <\/div>\n            <\/div>\n<!-- \/module buttons -->\n<!-- module icon -->\n<div  class=\"module module-icon tb_3f075bb close normal circle icon_horizontal tf_textr\" data-lazy=\"1\">\n            <div class=\"module-icon-item\">\n                                                                <em class=\"tf_box\"><svg  class=\"tf_fa tf-ti-close\" aria-hidden=\"true\"><use href=\"#tf-ti-close\"><\/use><\/svg><\/em>\n                                                                            <span>Fermer<\/span>\n                                                            <\/div>\n    <\/div>\n<!-- \/module icon -->\n        <\/div>\n                        <\/div>\n        <\/div>\n            <\/div>\n<!--\/themify_builder_content--><\/div>\n<\/div>\n<!-- \/module template_part -->        <\/div>\n                        <\/div>\n        <\/div>\n                        <div  data-css_id=\"nhs4479\" id=\"hero-section-2-2-2\" data-lazy=\"1\" class=\"module_row themify_builder_row fullwidth tb_nhs4479 tf_w wow\" data-tf-animation=\"fadeIn\">\n                        <div class=\"row_inner col_align_bottom gutter-none tb_col_count_3 tf_box tf_rel\">\n                        <div  data-lazy=\"1\" class=\"module_column tb-column col3-1 tb_7e9v480 first\">\n                            <\/div>\n                    <div  data-lazy=\"1\" class=\"module_column tb-column col3-1 tb_t7tc480\">\n                    <!-- module text -->\n<div  class=\"module module-text tb_wdgm789   \" data-lazy=\"1\">\n        <div  class=\"tb_text_wrap\">\n        <h2>Contact us<\/h2>    <\/div>\n<\/div>\n<!-- \/module text -->        <\/div>\n                    <div  data-lazy=\"1\" class=\"module_column tb-column col3-1 tb_x2jf480 last\">\n                            <\/div>\n                        <\/div>\n        <\/div>\n                        <div  data-lazy=\"1\" class=\"module_row themify_builder_row tb_60196a8 tf_w\">\n                        <div class=\"row_inner col_align_top tb_col_count_1 tf_box tf_rel\">\n                        <div  data-lazy=\"1\" class=\"module_column tb-column col-full tb_eec168c first\">\n                    <!-- module plain text -->\n<div  class=\"module module-plain-text tb_c66b0c5 \" data-lazy=\"1\">\n        <div class=\"tb_text_wrap\">\n    <iframe loading=\"lazy\" src=\"https:\/\/www.google.com\/maps\/embed?pb=!1m18!1m12!1m3!1d3804.5345874882596!2d-149.5691315488117!3d-17.529716787934486!2m3!1f0!2f0!3f0!3m2!1i1024!2i768!4f13.1!3m3!1m2!1s0x769a3a1e57c88b07%3A0x23e6ba93b94bbb4!2sSODISPO!5e0!3m2!1sfr!2s!4v1554165927560!5m2!1sfr!2s\" width=\"960\" height=\"263\" frameborder=\"0\" style=\"border:0; width:100%;\" allowfullscreen><\/iframe>    <\/div>\n<\/div>\n<!-- \/module plain text -->        <\/div>\n                        <\/div>\n        <\/div>\n                        <div  data-lazy=\"1\" class=\"module_row themify_builder_row tb_5a66877 tf_w\">\n                        <div class=\"row_inner col_align_top tb_col_count_3 tf_box tf_rel\">\n                        <div  data-lazy=\"1\" class=\"module_column tb-column col3-1 tb_5e943ba first\">\n                    <!-- module text -->\n<div  class=\"module module-text tb_f38a382   \" data-lazy=\"1\">\n        <div  class=\"tb_text_wrap\">\n        <h4>Address<\/h4><p>Fare Ute \u2013 Z.I. Papeava<br \/>Port autonome de Papeete<br \/>98714 Papeete<br \/>Tahiti, French Polynesia<\/p>    <\/div>\n<\/div>\n<!-- \/module text -->        <\/div>\n                    <div  data-lazy=\"1\" class=\"module_column tb-column col3-1 tb_176f673\">\n                    <!-- module text -->\n<div  class=\"module module-text tb_5wbz72   \" data-lazy=\"1\">\n        <div  class=\"tb_text_wrap\">\n        <h4>Phone and email<\/h4><p>Tel. <a href=\"tel:+689 40.50.58.80\">+689 40.50.58.80\u00a0<\/a><br \/><a href=\"mailto:info@sodispo.pf\">info@sodispo.pf<\/a><\/p>    <\/div>\n<\/div>\n<!-- \/module text -->        <\/div>\n                    <div  data-lazy=\"1\" class=\"module_column tb-column col3-1 tb_nxle924 last\">\n                    <!-- module text -->\n<div  class=\"module module-text tb_huxq772   \" data-lazy=\"1\">\n        <div  class=\"tb_text_wrap\">\n        <h4>Opening hours<\/h4><p>Monday to Thursday 7:00 a.m. to 11:00 a.m. and 12:00 p.m. to 4:00 p.m.,\u00a0Friday 7:00 a.m. to 11:00 a.m. and 12:00 p.m. to 3:00 p.m.<\/p>    <\/div>\n<\/div>\n<!-- \/module text -->        <\/div>\n                        <\/div>\n        <\/div>\n                        <div  data-css_id=\"c37029c\" data-lazy=\"1\" class=\"module_row themify_builder_row fullwidth tb_c37029c tf_w\">\n                        <div class=\"row_inner col_align_top tb_col_count_3 tf_box tf_rel\">\n                        <div  data-lazy=\"1\" class=\"module_column tb-column col3-1 tb_0aca217 first\">\n                            <\/div>\n                    <div  data-lazy=\"1\" class=\"module_column tb-column col3-1 tb_f6cw504\">\n                    <!-- module text -->\n<div  class=\"module module-text tb_wggb694   \" data-lazy=\"1\">\n        <div  class=\"tb_text_wrap\">\n        <p>We would be happy to answer any questions you may have. Please feel free to call us.<\/p><p>To send us a message, please fill out the form below. We will respond as soon as possible.<\/p>    <\/div>\n<\/div>\n<!-- \/module text -->        <\/div>\n                    <div  data-lazy=\"1\" class=\"module_column tb-column col3-1 tb_f3p6504 last\">\n                            <\/div>\n                        <\/div>\n        <\/div>\n                        <div  data-css_id=\"3ace7d5\" data-lazy=\"1\" class=\"module_row themify_builder_row fullwidth_row_container tb_3ace7d5 tf_w\">\n                        <div class=\"row_inner col_align_top tb_col_count_1 tf_box tf_rel\">\n                        <div  data-lazy=\"1\" class=\"module_column tb-column col-full tb_4c03dcd first\">\n                    <!-- module text -->\n<div  class=\"module module-text tb_2obo605   \" data-lazy=\"1\">\n        <div  class=\"tb_text_wrap\">\n        <p>form<\/p>    <\/div>\n<\/div>\n<!-- \/module text --><!-- module contact -->\n<div  id=\"tb_06cb048\" class=\"module module-contact tb_06cb048 contact-style2 \" data-lazy=\"1\">\n    \n\t<form class=\"builder-contact\"\n\t\tid=\"tb_06cb048-form\"\n\t\tmethod=\"post\"\n\t\tdata-post-id=\"1155\"\n\t\tdata-element-id=\"06cb048\"\n\t\tdata-orig-id=\"1155\"\n\t>\n    <div class=\"contact-message\"><\/div>\n\t<div class=\"builder-contact-fields tf_rel\">\n\t\t    \t\t    <div class=\"builder-contact-field builder-contact-field-name builder-contact-text-field\">\n\t\t\t    <label class=\"control-label\" for=\"tb_06cb048-contact-name\">\n\t\t\t\t\t\t\t\t\t\t<span class=\"tb-label-span\">Nom <\/span><span class=\"required\">*<\/span>\t\t\t\t<\/label>\n\t\t\t    <div class=\"control-input tf_rel\">\n\t\t\t\t    \t\t\t\t\t    <input type=\"text\" name=\"contact-name\" placeholder=\"\" id=\"tb_06cb048-contact-name\" value=\"\" class=\"form-control\" required>\n\t\t\t\t    \t\t\t\t    \t\t\t    <\/div>\n\t\t<\/div>\n\t    \n\t\t    \t\t    <div class=\"builder-contact-field builder-contact-field-email builder-contact-text-field\">\n\t\t\t    <label class=\"control-label\" for=\"tb_06cb048-contact-email\">\n\t\t\t\t\t\t\t\t\t\t<span class=\"tb-label-span\">Email <\/span><span class=\"required\">*<\/span>\t\t\t\t<\/label>\n\t\t\t    <div class=\"control-input tf_rel\">\n\t\t\t\t    \t\t\t\t\t    <input type=\"email\" name=\"contact-email\" placeholder=\"\" id=\"tb_06cb048-contact-email\" value=\"\" class=\"form-control\" required>\n\t\t\t\t    \t\t\t\t    \t\t\t    <\/div>\n\t\t<\/div>\n\t    \n\t\t    \t\t    <div class=\"builder-contact-field builder-contact-field-subject builder-contact-text-field\">\n\t\t\t    <label class=\"control-label\" for=\"tb_06cb048-contact-subject\">\n\t\t\t\t\t\t\t\t\t\t<span class=\"tb-label-span\">Sujet <\/span><span class=\"required\">*<\/span>\t\t\t\t<\/label>\n\t\t\t    <div class=\"control-input tf_rel\">\n\t\t\t\t    \t\t\t\t\t    <input type=\"text\" name=\"contact-subject\" placeholder=\"\" id=\"tb_06cb048-contact-subject\" value=\"\" class=\"form-control\" required>\n\t\t\t\t    \t\t\t\t    \t\t\t    <\/div>\n\t\t<\/div>\n\t    \n\t\t    \t\t    <div class=\"builder-contact-field builder-contact-field-message builder-contact-textarea-field\">\n\t\t\t    <label class=\"control-label\" for=\"tb_06cb048-contact-message\">\n\t\t\t\t\t\t\t\t\t\t<span class=\"tb-label-span\">Message <\/span>\t\t\t\t<\/label>\n\t\t\t    <div class=\"control-input tf_rel\">\n\t\t\t\t    \t\t\t\t\t    <textarea name=\"contact-message\" placeholder=\"\" id=\"tb_06cb048-contact-message\" class=\"form-control\"><\/textarea>\n\t\t\t\t    \t\t\t\t    \t\t\t    <\/div>\n\t\t<\/div>\n\t    \n\t\t    \t\t<div class=\"builder-contact-field builder-contact-field-sendcopy\">\n\t\t    <div class=\"control-label\">\n\t\t\t\t<div class=\"control-input tf_rel\">\n\t\t\t\t\t<label class=\"send-copy\">\n\t\t\t\t\t\t<input type=\"checkbox\" name=\"contact-sendcopy\" id=\"tb_06cb048-sendcopy\" value=\"1\">\n\t\t\t\t\t\t<span>M'envoyer une copie<\/span>\n\t\t\t\t\t<\/label>\n\t\t\t\t<\/div>\n\t\t    <\/div>\n\t\t<\/div>\n\t    \t\t\n\t\t\n\t    \n\t    <div class=\"builder-contact-field builder-contact-field-send control-input tf_textr tf_clear tf_rel\">\n\t\t\t<button type=\"submit\" class=\"btn btn-primary\">\n\t\t\t\t<span class=\"tf_loader\"><\/span>\t\t\t\t<span class=\"tf_submit_icon\"><\/span> \n\t\t\t\tEnvoyer\t\t\t<\/button>\n\t    <\/div>\n\t<\/div>\n    <\/form>\n    <\/div>\n<!-- \/module contact -->\n        <\/div>\n                        <\/div>\n        <\/div>\n        <\/div>\n<!--\/themify_builder_content-->","protected":false},"excerpt":{"rendered":"<p>Nous contacter Adresse Fare Ute \u2013 Z.I. PapeavaPort autonome de Papeete98714 PapeeteTahiti, French Polynesia T\u00e9l\u00e9phone et email Tel. +689 40.50.58.80\u00a0info@sodispo.pf Horaires d\u2019ouverture Lundi au Jeudi 7h00-11h00 12h00-16h00, Vendredi 7h00-11h00 12h00-15h00 Nous serions heureux de r\u00e9pondre \u00e0 toute question. N&#8217;h\u00e9sitez pas \u00e0 nous appeler. Pour nous envoyer un message, merci de remplir le formulaire ci-dessous. Nous [&hellip;]<\/p>\n","protected":false},"author":1,"featured_media":0,"parent":0,"menu_order":0,"comment_status":"closed","ping_status":"closed","template":"","meta":{"footnotes":""},"class_list":["post-1155","page","type-page","status-publish","hentry","has-post-title","has-post-date","has-post-category","has-post-tag","has-post-comment","has-post-author",""],"yoast_head":"<!-- This site is optimized with the Yoast SEO plugin v27.4 - https:\/\/yoast.com\/product\/yoast-seo-wordpress\/ -->\n<title>Contact - SODISPO<\/title>\n<meta name=\"description\" content=\"Contactez directement notre \u00e9quipe.\" \/>\n<meta name=\"robots\" content=\"index, follow, max-snippet:-1, max-image-preview:large, max-video-preview:-1\" \/>\n<link rel=\"canonical\" href=\"https:\/\/www.sodispo.pf\/en\/contact\/\" \/>\n<meta property=\"og:locale\" content=\"en_US\" \/>\n<meta property=\"og:type\" content=\"article\" \/>\n<meta property=\"og:title\" content=\"Contact - SODISPO\" \/>\n<meta property=\"og:description\" content=\"Contactez directement notre \u00e9quipe.\" \/>\n<meta property=\"og:url\" content=\"https:\/\/www.sodispo.pf\/en\/contact\/\" \/>\n<meta property=\"og:site_name\" content=\"SODISPO\" \/>\n<meta property=\"article:modified_time\" content=\"2025-06-12T19:24:14+00:00\" \/>\n<meta name=\"twitter:card\" content=\"summary_large_image\" \/>\n<script type=\"application\/ld+json\" class=\"yoast-schema-graph\">{\"@context\":\"https:\\\/\\\/schema.org\",\"@graph\":[{\"@type\":\"WebPage\",\"@id\":\"https:\\\/\\\/www.sodispo.pf\\\/en\\\/contact\\\/\",\"url\":\"https:\\\/\\\/www.sodispo.pf\\\/en\\\/contact\\\/\",\"name\":\"Contact - SODISPO\",\"isPartOf\":{\"@id\":\"https:\\\/\\\/www.sodispo.pf\\\/#website\"},\"datePublished\":\"2018-09-28T00:41:39+00:00\",\"dateModified\":\"2025-06-12T19:24:14+00:00\",\"description\":\"Contactez directement notre \u00e9quipe.\",\"breadcrumb\":{\"@id\":\"https:\\\/\\\/www.sodispo.pf\\\/en\\\/contact\\\/#breadcrumb\"},\"inLanguage\":\"en-US\",\"potentialAction\":[{\"@type\":\"ReadAction\",\"target\":[\"https:\\\/\\\/www.sodispo.pf\\\/en\\\/contact\\\/\"]}]},{\"@type\":\"BreadcrumbList\",\"@id\":\"https:\\\/\\\/www.sodispo.pf\\\/en\\\/contact\\\/#breadcrumb\",\"itemListElement\":[{\"@type\":\"ListItem\",\"position\":1,\"name\":\"Accueil\",\"item\":\"https:\\\/\\\/www.sodispo.pf\\\/en\\\/\"},{\"@type\":\"ListItem\",\"position\":2,\"name\":\"Contact\"}]},{\"@type\":\"WebSite\",\"@id\":\"https:\\\/\\\/www.sodispo.pf\\\/#website\",\"url\":\"https:\\\/\\\/www.sodispo.pf\\\/\",\"name\":\"SODISPO\",\"description\":\"Vins et spiritueux\",\"potentialAction\":[{\"@type\":\"SearchAction\",\"target\":{\"@type\":\"EntryPoint\",\"urlTemplate\":\"https:\\\/\\\/www.sodispo.pf\\\/?s={search_term_string}\"},\"query-input\":{\"@type\":\"PropertyValueSpecification\",\"valueRequired\":true,\"valueName\":\"search_term_string\"}}],\"inLanguage\":\"en-US\"}]}<\/script>\n<!-- \/ Yoast SEO plugin. -->","yoast_head_json":{"title":"Contact - SODISPO","description":"Contactez directement notre \u00e9quipe.","robots":{"index":"index","follow":"follow","max-snippet":"max-snippet:-1","max-image-preview":"max-image-preview:large","max-video-preview":"max-video-preview:-1"},"canonical":"https:\/\/www.sodispo.pf\/en\/contact\/","og_locale":"en_US","og_type":"article","og_title":"Contact - SODISPO","og_description":"Contactez directement notre \u00e9quipe.","og_url":"https:\/\/www.sodispo.pf\/en\/contact\/","og_site_name":"SODISPO","article_modified_time":"2025-06-12T19:24:14+00:00","twitter_card":"summary_large_image","schema":{"@context":"https:\/\/schema.org","@graph":[{"@type":"WebPage","@id":"https:\/\/www.sodispo.pf\/en\/contact\/","url":"https:\/\/www.sodispo.pf\/en\/contact\/","name":"Contact - SODISPO","isPartOf":{"@id":"https:\/\/www.sodispo.pf\/#website"},"datePublished":"2018-09-28T00:41:39+00:00","dateModified":"2025-06-12T19:24:14+00:00","description":"Contactez directement notre \u00e9quipe.","breadcrumb":{"@id":"https:\/\/www.sodispo.pf\/en\/contact\/#breadcrumb"},"inLanguage":"en-US","potentialAction":[{"@type":"ReadAction","target":["https:\/\/www.sodispo.pf\/en\/contact\/"]}]},{"@type":"BreadcrumbList","@id":"https:\/\/www.sodispo.pf\/en\/contact\/#breadcrumb","itemListElement":[{"@type":"ListItem","position":1,"name":"Accueil","item":"https:\/\/www.sodispo.pf\/en\/"},{"@type":"ListItem","position":2,"name":"Contact"}]},{"@type":"WebSite","@id":"https:\/\/www.sodispo.pf\/#website","url":"https:\/\/www.sodispo.pf\/","name":"SODISPO","description":"Vins et spiritueux","potentialAction":[{"@type":"SearchAction","target":{"@type":"EntryPoint","urlTemplate":"https:\/\/www.sodispo.pf\/?s={search_term_string}"},"query-input":{"@type":"PropertyValueSpecification","valueRequired":true,"valueName":"search_term_string"}}],"inLanguage":"en-US"}]}},"builder_content":"<h2>Contact us<\/h2>\n<iframe loading=\"lazy\" src=\"https:\/\/www.google.com\/maps\/embed?pb=!1m18!1m12!1m3!1d3804.5345874882596!2d-149.5691315488117!3d-17.529716787934486!2m3!1f0!2f0!3f0!3m2!1i1024!2i768!4f13.1!3m3!1m2!1s0x769a3a1e57c88b07%3A0x23e6ba93b94bbb4!2sSODISPO!5e0!3m2!1sfr!2s!4v1554165927560!5m2!1sfr!2s\" width=\"960\" height=\"263\" frameborder=\"0\" style=\"border:0; width:100%;\" allowfullscreen><\/iframe>\n<h4>Address<\/h4><p>Fare Ute \u2013 Z.I. Papeava<br \/>Port autonome de Papeete<br \/>98714 Papeete<br \/>Tahiti, French Polynesia<\/p>\n<h4>Phone and email<\/h4><p>Tel. <a href=\"tel:+689 40.50.58.80\">+689 40.50.58.80\u00a0<\/a><br \/><a href=\"mailto:info@sodispo.pf\">info@sodispo.pf<\/a><\/p>\n<h4>Opening hours<\/h4><p>Monday to Thursday 7:00 a.m. to 11:00 a.m. and 12:00 p.m. to 4:00 p.m.,\u00a0Friday 7:00 a.m. to 11:00 a.m. and 12:00 p.m. to 3:00 p.m.<\/p>\n<p>We would be happy to answer any questions you may have. Please feel free to call us.<\/p><p>To send us a message, please fill out the form below. We will respond as soon as possible.<\/p>\n<p>form<\/p>\n<form id=\"tb_06cb048-form\" method=\"post\" data-post-id=\"0\" data-element-id=\"06cb048\" data-orig-id=\"1155\" > <label for=\"tb_06cb048-contact-name\"> Nom * <\/label> <input type=\"text\" name=\"contact-name\" placeholder=\"\" id=\"tb_06cb048-contact-name\" value=\"\" required> <label for=\"tb_06cb048-contact-email\"> Email * <\/label> <input type=\"email\" name=\"contact-email\" placeholder=\"\" id=\"tb_06cb048-contact-email\" value=\"\" required> <label for=\"tb_06cb048-contact-subject\"> Sujet * <\/label> <input type=\"text\" name=\"contact-subject\" placeholder=\"\" id=\"tb_06cb048-contact-subject\" value=\"\" required> <label for=\"tb_06cb048-contact-message\"> Message <\/label> <textarea name=\"contact-message\" placeholder=\"\" id=\"tb_06cb048-contact-message\"><\/textarea> <label> <input type=\"checkbox\" name=\"contact-sendcopy\" id=\"tb_06cb048-sendcopy\" value=\"1\"> M'envoyer une copie <\/label> <button type=\"submit\"> Envoyer <\/button> <\/form>\n<h4>FOLLOW US<\/h4>\n<a href=\"#\"> <em><svg aria-hidden=\"true\"><use href=\"#tf-fab-facebook\"><\/use><\/svg><\/em> <\/a> <a href=\"#\"> <em><svg aria-hidden=\"true\"><use href=\"#tf-fab-twitter\"><\/use><\/svg><\/em> <\/a> <a href=\"#\"> <em><svg aria-hidden=\"true\"><use href=\"#tf-fab-instagram\"><\/use><\/svg><\/em> <\/a>","_links":{"self":[{"href":"https:\/\/www.sodispo.pf\/en\/wp-json\/wp\/v2\/pages\/1155","targetHints":{"allow":["GET"]}}],"collection":[{"href":"https:\/\/www.sodispo.pf\/en\/wp-json\/wp\/v2\/pages"}],"about":[{"href":"https:\/\/www.sodispo.pf\/en\/wp-json\/wp\/v2\/types\/page"}],"author":[{"embeddable":true,"href":"https:\/\/www.sodispo.pf\/en\/wp-json\/wp\/v2\/users\/1"}],"replies":[{"embeddable":true,"href":"https:\/\/www.sodispo.pf\/en\/wp-json\/wp\/v2\/comments?post=1155"}],"version-history":[{"count":20,"href":"https:\/\/www.sodispo.pf\/en\/wp-json\/wp\/v2\/pages\/1155\/revisions"}],"predecessor-version":[{"id":2440,"href":"https:\/\/www.sodispo.pf\/en\/wp-json\/wp\/v2\/pages\/1155\/revisions\/2440"}],"wp:attachment":[{"href":"https:\/\/www.sodispo.pf\/en\/wp-json\/wp\/v2\/media?parent=1155"}],"curies":[{"name":"wp","href":"https:\/\/api.w.org\/{rel}","templated":true}]}}