{"id":1185,"date":"2018-10-24T01:32:28","date_gmt":"2018-10-23T23:32:28","guid":{"rendered":"https:\/\/www.sodispo.pf\/le-pavillon-des-vins\/"},"modified":"2025-06-12T21:16:41","modified_gmt":"2025-06-12T19:16:41","slug":"our-store","status":"publish","type":"page","link":"https:\/\/www.sodispo.pf\/en\/our-store\/","title":{"rendered":"Our store"},"content":{"rendered":"<!--themify_builder_content-->\n<div id=\"themify_builder_content-1185\" data-postid=\"1185\" class=\"themify_builder_content themify_builder_content-1185 themify_builder tf_clear\">\n                    <div  data-css_id=\"t7q7545\" id=\"hero-section-2-2\" data-lazy=\"1\" class=\"module_row themify_builder_row fullwidth tb_t7q7545 tb_first tf_w hide-mobile wow\" data-tf-animation=\"fadeIn\">\n                        <div class=\"row_inner col_align_bottom gutter-none tb_col_count_3 tf_box tf_rel\">\n                        <div  data-lazy=\"1\" class=\"module_column tb-column col3-1 tb_i0aa545 first\">\n                            <\/div>\n                    <div  data-lazy=\"1\" class=\"module_column tb-column col3-1 tb_uudn545\">\n                    <!-- module image -->\n<div  class=\"module module-image tb_r3yk542 image-center   tf_mw\" data-lazy=\"1\">\n        <div class=\"image-wrap tf_rel tf_mw\">\n            <img loading=\"lazy\" decoding=\"async\" width=\"276\" height=\"139\" src=\"https:\/\/www.sodispo.pf\/wp-content\/uploads\/2025\/05\/logo-HD.png\" class=\"wp-post-image wp-image-2364\" title=\"logo-HD\" alt=\"logo-HD\">    \n        <\/div>\n    <!-- \/image-wrap -->\n    \n        <\/div>\n<!-- \/module image -->        <\/div>\n                    <div  data-lazy=\"1\" class=\"module_column tb-column col3-1 tb_5xoo545 last\">\n                            <\/div>\n                        <\/div>\n        <\/div>\n                        <div  data-css_id=\"m3pt871\" id=\"hero-section-2-2-2\" data-lazy=\"1\" class=\"module_row themify_builder_row fullwidth tb_m3pt871 tf_w hide-desktop hide-tablet hide-tablet_landscape wow\" data-tf-animation=\"fadeIn\">\n                        <div class=\"row_inner col_align_middle gutter-none tb_col_count_3 tf_box tf_rel\">\n                        <div  data-lazy=\"1\" class=\"module_column tb-column col3-1 tb_5y45871 first\">\n                            <\/div>\n                    <div  data-lazy=\"1\" class=\"module_column tb-column col3-1 tb_47p4871\">\n                    <!-- module image -->\n<div  class=\"module module-image tb_gjqa871 image-center   tf_mw\" data-lazy=\"1\">\n        <div class=\"image-wrap tf_rel tf_mw\">\n            <img loading=\"lazy\" decoding=\"async\" width=\"276\" height=\"139\" src=\"https:\/\/www.sodispo.pf\/wp-content\/uploads\/2025\/05\/logo-HD.png\" class=\"wp-post-image wp-image-2364\" title=\"logo-HD\" alt=\"logo-HD\">    \n        <\/div>\n    <!-- \/image-wrap -->\n    \n        <\/div>\n<!-- \/module image -->        <\/div>\n                    <div  data-lazy=\"1\" class=\"module_column tb-column col3-1 tb_xfdq871 last\">\n                            <\/div>\n                        <\/div>\n        <\/div>\n                        <div  data-lazy=\"1\" class=\"module_row themify_builder_row tb_aca808c tf_w\">\n                        <div class=\"row_inner col_align_top tb_col_count_1 tf_box tf_rel\">\n                        <div  data-lazy=\"1\" class=\"module_column tb-column col-full tb_54a61f6 first\">\n                    <!-- module text -->\n<div  class=\"module module-text tb_ef4a97a   \" data-lazy=\"1\">\n        <div  class=\"tb_text_wrap\">\n        <h2 style=\"text-align: center;\"><strong>Maison Di-Vine<\/strong><\/h2>\n<p><strong>Since 1994, SODISPO has been offering a refined selection of leading brands to private customers through its specialist store in Papeete.<\/strong><\/p>\n<p><strong>Formerly known as \u201cLe Pavillon des Vins,\u201d our store will become Maison Di-Vine in October 2024. This new name, chosen to mark our 30th anniversary, fully reflects our heritage, our passion for wine, our commitment to quality, and our desire to share.<\/strong><\/p>\n<p><b>We offer a wide selection of French appellations, as well as a fine range of international wines and spirits.<\/b><\/p>\n<p><b>The wine merchants at Maison Di-Vine are at your service and offer you the best advice on all our champagnes, wines, spirits, and beers, carefully selected with passion.<\/b><\/p>\n<p><b>Our range is also available on our online store.<\/b><\/p>    <\/div>\n<\/div>\n<!-- \/module text --><!-- module buttons -->\n<div  class=\"module module-buttons tb_euqn445 buttons-horizontal transparent zoom  squared\" data-lazy=\"1\">\n        <div class=\"module-buttons-item tf_in_flx\">\n                        <a href=\"https:\/\/www.maisondivine.pf\/\" class=\"ui builder_button tf_in_flx transparent\" >\n                                                www.maisondivine.pf                                        <\/a>\n                <\/div>\n            <\/div>\n<!-- \/module buttons -->\n        <\/div>\n                        <\/div>\n        <\/div>\n                        <div  data-css_id=\"54754fb\" data-lazy=\"1\" class=\"module_row themify_builder_row fullwidth tb_54754fb tf_w\">\n                        <div class=\"row_inner col_align_top tb_col_count_1 tf_box tf_rel\">\n                        <div  data-lazy=\"1\" class=\"module_column tb-column col-full tb_a271ea2 first\">\n                    <!-- module image -->\n<div  class=\"module module-image tb_34u0330 image-top   tf_mw\" data-lazy=\"1\">\n        <div class=\"image-wrap tf_rel tf_mw\">\n            <img loading=\"lazy\" decoding=\"async\" width=\"2560\" height=\"899\" src=\"https:\/\/www.sodispo.pf\/wp-content\/uploads\/2024\/08\/img-section2-scaled.jpg\" class=\"wp-post-image wp-image-1966\" title=\"img-section2\" alt=\"img-section2\" srcset=\"https:\/\/www.sodispo.pf\/wp-content\/uploads\/2024\/08\/img-section2-scaled.jpg 2560w, https:\/\/www.sodispo.pf\/wp-content\/uploads\/2024\/08\/img-section2-300x105.jpg 300w, https:\/\/www.sodispo.pf\/wp-content\/uploads\/2024\/08\/img-section2-1024x359.jpg 1024w, https:\/\/www.sodispo.pf\/wp-content\/uploads\/2024\/08\/img-section2-768x270.jpg 768w, https:\/\/www.sodispo.pf\/wp-content\/uploads\/2024\/08\/img-section2-1536x539.jpg 1536w, https:\/\/www.sodispo.pf\/wp-content\/uploads\/2024\/08\/img-section2-2048x719.jpg 2048w, https:\/\/www.sodispo.pf\/wp-content\/uploads\/2024\/08\/img-section2-1320x463.jpg 1320w\" sizes=\"auto, (max-width: 2560px) 100vw, 2560px\" \/>    \n        <\/div>\n    <!-- \/image-wrap -->\n    \n        <\/div>\n<!-- \/module image -->        <\/div>\n                        <\/div>\n        <\/div>\n        <\/div>\n<!--\/themify_builder_content-->","protected":false},"excerpt":{"rendered":"<p>Maison Di-Vine Since 1994, SODISPO has been offering a refined selection of leading brands to private customers through its specialist store in Papeete. Formerly known as \u201cLe Pavillon des Vins,\u201d our store will become Maison Di-Vine in October 2024. This new name, chosen to mark our 30th anniversary, fully reflects our heritage, our passion for [&hellip;]<\/p>\n","protected":false},"author":1,"featured_media":1187,"parent":0,"menu_order":0,"comment_status":"closed","ping_status":"closed","template":"","meta":{"footnotes":""},"class_list":["post-1185","page","type-page","status-publish","has-post-thumbnail","hentry","has-post-title","has-post-date","has-post-category","has-post-tag","has-post-comment","has-post-author",""],"yoast_head":"<!-- This site is optimized with the Yoast SEO plugin v27.4 - https:\/\/yoast.com\/product\/yoast-seo-wordpress\/ -->\n<title>Our store - SODISPO<\/title>\n<meta name=\"description\" content=\"Depuis 1997, SODISPO propose au travers de la boutique Le Pavillon des Vins, situ\u00e9e \u00e0 Papeete, une s\u00e9lection de grandes marques, aux clients particuliers.\" \/>\n<meta name=\"robots\" content=\"index, follow, max-snippet:-1, max-image-preview:large, max-video-preview:-1\" \/>\n<link rel=\"canonical\" href=\"https:\/\/www.sodispo.pf\/en\/our-store\/\" \/>\n<meta property=\"og:locale\" content=\"en_US\" \/>\n<meta property=\"og:type\" content=\"article\" \/>\n<meta property=\"og:title\" content=\"Our store - SODISPO\" \/>\n<meta property=\"og:description\" content=\"Depuis 1997, SODISPO propose au travers de la boutique Le Pavillon des Vins, situ\u00e9e \u00e0 Papeete, une s\u00e9lection de grandes marques, aux clients particuliers.\" \/>\n<meta property=\"og:url\" content=\"https:\/\/www.sodispo.pf\/en\/our-store\/\" \/>\n<meta property=\"og:site_name\" content=\"SODISPO\" \/>\n<meta property=\"article:modified_time\" content=\"2025-06-12T19:16:41+00:00\" \/>\n<meta property=\"og:image\" content=\"https:\/\/www.sodispo.pf\/wp-content\/uploads\/2019\/05\/pdv2.jpg\" \/>\n\t<meta property=\"og:image:width\" content=\"2500\" \/>\n\t<meta property=\"og:image:height\" content=\"639\" \/>\n\t<meta property=\"og:image:type\" content=\"image\/jpeg\" \/>\n<meta name=\"twitter:card\" content=\"summary_large_image\" \/>\n<meta name=\"twitter:label1\" content=\"Est. reading time\" \/>\n\t<meta name=\"twitter:data1\" content=\"3 minutes\" \/>\n<script type=\"application\/ld+json\" class=\"yoast-schema-graph\">{\"@context\":\"https:\\\/\\\/schema.org\",\"@graph\":[{\"@type\":\"WebPage\",\"@id\":\"https:\\\/\\\/www.sodispo.pf\\\/en\\\/our-store\\\/\",\"url\":\"https:\\\/\\\/www.sodispo.pf\\\/en\\\/our-store\\\/\",\"name\":\"Our store - SODISPO\",\"isPartOf\":{\"@id\":\"https:\\\/\\\/www.sodispo.pf\\\/#website\"},\"primaryImageOfPage\":{\"@id\":\"https:\\\/\\\/www.sodispo.pf\\\/en\\\/our-store\\\/#primaryimage\"},\"image\":{\"@id\":\"https:\\\/\\\/www.sodispo.pf\\\/en\\\/our-store\\\/#primaryimage\"},\"thumbnailUrl\":\"https:\\\/\\\/www.sodispo.pf\\\/wp-content\\\/uploads\\\/2019\\\/05\\\/pdv2.jpg\",\"datePublished\":\"2018-10-23T23:32:28+00:00\",\"dateModified\":\"2025-06-12T19:16:41+00:00\",\"description\":\"Depuis 1997, SODISPO propose au travers de la boutique Le Pavillon des Vins, situ\u00e9e \u00e0 Papeete, une s\u00e9lection de grandes marques, aux clients particuliers.\",\"breadcrumb\":{\"@id\":\"https:\\\/\\\/www.sodispo.pf\\\/en\\\/our-store\\\/#breadcrumb\"},\"inLanguage\":\"en-US\",\"potentialAction\":[{\"@type\":\"ReadAction\",\"target\":[\"https:\\\/\\\/www.sodispo.pf\\\/en\\\/our-store\\\/\"]}]},{\"@type\":\"ImageObject\",\"inLanguage\":\"en-US\",\"@id\":\"https:\\\/\\\/www.sodispo.pf\\\/en\\\/our-store\\\/#primaryimage\",\"url\":\"https:\\\/\\\/www.sodispo.pf\\\/wp-content\\\/uploads\\\/2019\\\/05\\\/pdv2.jpg\",\"contentUrl\":\"https:\\\/\\\/www.sodispo.pf\\\/wp-content\\\/uploads\\\/2019\\\/05\\\/pdv2.jpg\",\"width\":2500,\"height\":639},{\"@type\":\"BreadcrumbList\",\"@id\":\"https:\\\/\\\/www.sodispo.pf\\\/en\\\/our-store\\\/#breadcrumb\",\"itemListElement\":[{\"@type\":\"ListItem\",\"position\":1,\"name\":\"Accueil\",\"item\":\"https:\\\/\\\/www.sodispo.pf\\\/en\\\/\"},{\"@type\":\"ListItem\",\"position\":2,\"name\":\"Our store\"}]},{\"@type\":\"WebSite\",\"@id\":\"https:\\\/\\\/www.sodispo.pf\\\/#website\",\"url\":\"https:\\\/\\\/www.sodispo.pf\\\/\",\"name\":\"SODISPO\",\"description\":\"Vins et spiritueux\",\"potentialAction\":[{\"@type\":\"SearchAction\",\"target\":{\"@type\":\"EntryPoint\",\"urlTemplate\":\"https:\\\/\\\/www.sodispo.pf\\\/?s={search_term_string}\"},\"query-input\":{\"@type\":\"PropertyValueSpecification\",\"valueRequired\":true,\"valueName\":\"search_term_string\"}}],\"inLanguage\":\"en-US\"}]}<\/script>\n<!-- \/ Yoast SEO plugin. -->","yoast_head_json":{"title":"Our store - SODISPO","description":"Depuis 1997, SODISPO propose au travers de la boutique Le Pavillon des Vins, situ\u00e9e \u00e0 Papeete, une s\u00e9lection de grandes marques, aux clients particuliers.","robots":{"index":"index","follow":"follow","max-snippet":"max-snippet:-1","max-image-preview":"max-image-preview:large","max-video-preview":"max-video-preview:-1"},"canonical":"https:\/\/www.sodispo.pf\/en\/our-store\/","og_locale":"en_US","og_type":"article","og_title":"Our store - SODISPO","og_description":"Depuis 1997, SODISPO propose au travers de la boutique Le Pavillon des Vins, situ\u00e9e \u00e0 Papeete, une s\u00e9lection de grandes marques, aux clients particuliers.","og_url":"https:\/\/www.sodispo.pf\/en\/our-store\/","og_site_name":"SODISPO","article_modified_time":"2025-06-12T19:16:41+00:00","og_image":[{"width":2500,"height":639,"url":"https:\/\/www.sodispo.pf\/wp-content\/uploads\/2019\/05\/pdv2.jpg","type":"image\/jpeg"}],"twitter_card":"summary_large_image","twitter_misc":{"Est. reading time":"3 minutes"},"schema":{"@context":"https:\/\/schema.org","@graph":[{"@type":"WebPage","@id":"https:\/\/www.sodispo.pf\/en\/our-store\/","url":"https:\/\/www.sodispo.pf\/en\/our-store\/","name":"Our store - SODISPO","isPartOf":{"@id":"https:\/\/www.sodispo.pf\/#website"},"primaryImageOfPage":{"@id":"https:\/\/www.sodispo.pf\/en\/our-store\/#primaryimage"},"image":{"@id":"https:\/\/www.sodispo.pf\/en\/our-store\/#primaryimage"},"thumbnailUrl":"https:\/\/www.sodispo.pf\/wp-content\/uploads\/2019\/05\/pdv2.jpg","datePublished":"2018-10-23T23:32:28+00:00","dateModified":"2025-06-12T19:16:41+00:00","description":"Depuis 1997, SODISPO propose au travers de la boutique Le Pavillon des Vins, situ\u00e9e \u00e0 Papeete, une s\u00e9lection de grandes marques, aux clients particuliers.","breadcrumb":{"@id":"https:\/\/www.sodispo.pf\/en\/our-store\/#breadcrumb"},"inLanguage":"en-US","potentialAction":[{"@type":"ReadAction","target":["https:\/\/www.sodispo.pf\/en\/our-store\/"]}]},{"@type":"ImageObject","inLanguage":"en-US","@id":"https:\/\/www.sodispo.pf\/en\/our-store\/#primaryimage","url":"https:\/\/www.sodispo.pf\/wp-content\/uploads\/2019\/05\/pdv2.jpg","contentUrl":"https:\/\/www.sodispo.pf\/wp-content\/uploads\/2019\/05\/pdv2.jpg","width":2500,"height":639},{"@type":"BreadcrumbList","@id":"https:\/\/www.sodispo.pf\/en\/our-store\/#breadcrumb","itemListElement":[{"@type":"ListItem","position":1,"name":"Accueil","item":"https:\/\/www.sodispo.pf\/en\/"},{"@type":"ListItem","position":2,"name":"Our store"}]},{"@type":"WebSite","@id":"https:\/\/www.sodispo.pf\/#website","url":"https:\/\/www.sodispo.pf\/","name":"SODISPO","description":"Vins et spiritueux","potentialAction":[{"@type":"SearchAction","target":{"@type":"EntryPoint","urlTemplate":"https:\/\/www.sodispo.pf\/?s={search_term_string}"},"query-input":{"@type":"PropertyValueSpecification","valueRequired":true,"valueName":"search_term_string"}}],"inLanguage":"en-US"}]}},"builder_content":"<img src=\"https:\/\/www.sodispo.pf\/wp-content\/uploads\/2025\/05\/logo-HD.png\" title=\"logo-HD\" alt=\"logo-HD\">\n<img src=\"https:\/\/www.sodispo.pf\/wp-content\/uploads\/2025\/05\/logo-HD.png\" title=\"logo-HD\" alt=\"logo-HD\">\n<h2 style=\"text-align: center;\"><strong>Maison Di-Vine<\/strong><\/h2> <p><strong>Since 1994, SODISPO has been offering a refined selection of leading brands to private customers through its specialist store in Papeete.<\/strong><\/p> <p><strong>Formerly known as \u201cLe Pavillon des Vins,\u201d our store will become Maison Di-Vine in October 2024. This new name, chosen to mark our 30th anniversary, fully reflects our heritage, our passion for wine, our commitment to quality, and our desire to share.<\/strong><\/p> <p><b>We offer a wide selection of French appellations, as well as a fine range of international wines and spirits.<\/b><\/p> <p><b>The wine merchants at Maison Di-Vine are at your service and offer you the best advice on all our champagnes, wines, spirits, and beers, carefully selected with passion.<\/b><\/p> <p><b>Our range is also available on our online store.<\/b><\/p>\n<a href=\"https:\/\/www.maisondivine.pf\/\" > www.maisondivine.pf <\/a>\n<img src=\"https:\/\/www.sodispo.pf\/wp-content\/uploads\/2024\/08\/img-section2-scaled.jpg\" title=\"img-section2\" alt=\"img-section2\" srcset=\"https:\/\/www.sodispo.pf\/wp-content\/uploads\/2024\/08\/img-section2-scaled.jpg 2560w, https:\/\/www.sodispo.pf\/wp-content\/uploads\/2024\/08\/img-section2-300x105.jpg 300w, https:\/\/www.sodispo.pf\/wp-content\/uploads\/2024\/08\/img-section2-1024x359.jpg 1024w, https:\/\/www.sodispo.pf\/wp-content\/uploads\/2024\/08\/img-section2-768x270.jpg 768w, https:\/\/www.sodispo.pf\/wp-content\/uploads\/2024\/08\/img-section2-1536x539.jpg 1536w, https:\/\/www.sodispo.pf\/wp-content\/uploads\/2024\/08\/img-section2-2048x719.jpg 2048w, https:\/\/www.sodispo.pf\/wp-content\/uploads\/2024\/08\/img-section2-1320x463.jpg 1320w\" sizes=\"(max-width: 2560px) 100vw, 2560px\" \/>","_links":{"self":[{"href":"https:\/\/www.sodispo.pf\/en\/wp-json\/wp\/v2\/pages\/1185","targetHints":{"allow":["GET"]}}],"collection":[{"href":"https:\/\/www.sodispo.pf\/en\/wp-json\/wp\/v2\/pages"}],"about":[{"href":"https:\/\/www.sodispo.pf\/en\/wp-json\/wp\/v2\/types\/page"}],"author":[{"embeddable":true,"href":"https:\/\/www.sodispo.pf\/en\/wp-json\/wp\/v2\/users\/1"}],"replies":[{"embeddable":true,"href":"https:\/\/www.sodispo.pf\/en\/wp-json\/wp\/v2\/comments?post=1185"}],"version-history":[{"count":22,"href":"https:\/\/www.sodispo.pf\/en\/wp-json\/wp\/v2\/pages\/1185\/revisions"}],"predecessor-version":[{"id":2428,"href":"https:\/\/www.sodispo.pf\/en\/wp-json\/wp\/v2\/pages\/1185\/revisions\/2428"}],"wp:featuredmedia":[{"embeddable":true,"href":"https:\/\/www.sodispo.pf\/en\/wp-json\/wp\/v2\/media\/1187"}],"wp:attachment":[{"href":"https:\/\/www.sodispo.pf\/en\/wp-json\/wp\/v2\/media?parent=1185"}],"curies":[{"name":"wp","href":"https:\/\/api.w.org\/{rel}","templated":true}]}}